{"id":10117,"date":"2015-07-02T11:50:44","date_gmt":"2015-07-02T09:50:44","guid":{"rendered":"http:\/\/www.odakayoga.com\/wordpress\/?page_id=10117"},"modified":"2026-02-13T13:29:54","modified_gmt":"2026-02-13T12:29:54","slug":"ryt-250","status":"publish","type":"page","link":"https:\/\/odakayoga.com\/it\/formazione-insegnanti\/ryt-250\/","title":{"rendered":"Formazione  Odaka Yoga Teachers RYT 250"},"content":{"rendered":"<p><div class=\"fusion-fullwidth fullwidth-box fusion-builder-row-1 nonhundred-percent-fullwidth non-hundred-percent-height-scrolling\" style=\"--awb-border-radius-top-left:0px;--awb-border-radius-top-right:0px;--awb-border-radius-bottom-right:0px;--awb-border-radius-bottom-left:0px;--awb-flex-wrap:wrap;\" ><div class=\"fusion-builder-row fusion-row\"><div class=\"fusion-layout-column fusion_builder_column fusion-builder-column-0 fusion_builder_column_1_5 1_5 fusion-one-fifth fusion-column-first\" style=\"--awb-bg-size:cover;width:20%;width:calc(20% - ( ( 4% ) * 0.2 ) );margin-right: 4%;\"><div class=\"fusion-column-wrapper fusion-flex-column-wrapper-legacy\"><div class=\"fusion-text fusion-text-1\"><p><strong><br \/>\n<img decoding=\"async\" class=\"alignnone wp-image-15437\" src=\"https:\/\/odakayoga.com\/wordpress\/wp-content\/uploads\/logo-teachers-179x200.jpg\" alt=\"\" width=\"150\" height=\"168\" srcset=\"https:\/\/odakayoga.com\/wordpress\/wp-content\/uploads\/logo-teachers-179x200.jpg 179w, https:\/\/odakayoga.com\/wordpress\/wp-content\/uploads\/logo-teachers-200x224.jpg 200w, https:\/\/odakayoga.com\/wordpress\/wp-content\/uploads\/logo-teachers-268x300.jpg 268w, https:\/\/odakayoga.com\/wordpress\/wp-content\/uploads\/logo-teachers.jpg 300w\" sizes=\"(max-width: 150px) 100vw, 150px\" \/><\/strong><\/p>\n<\/div><div class=\"fusion-clearfix\"><\/div><\/div><\/div><div class=\"fusion-layout-column fusion_builder_column fusion-builder-column-1 fusion_builder_column_4_5 4_5 fusion-four-fifth fusion-column-last\" style=\"--awb-bg-size:cover;width:80%;width:calc(80% - ( ( 4% ) * 0.8 ) );\"><div class=\"fusion-column-wrapper fusion-flex-column-wrapper-legacy\"><div class=\"fusion-text fusion-text-2\"><p><strong><br \/>\nI<\/strong><strong>l Corso di Formazione RYT 250 Odaka Yoga nasce dalla ventennale esperienza internazionale di <a href=\"https:\/\/odakayoga.com\/wordpress\/it\/concept\/roberto-milletti\/\">Roberto Milletti<\/a> e <a href=\"https:\/\/odakayoga.com\/wordpress\/it\/concept\/francesca-cassia\/\">Francesca Cassia<\/a> nel campo della formazione di yoga e arti marziali. Un approccio dinamico e flessibile che prepara i futuri istruttori ad affrontare con facilit\u00e0 e professionalit\u00e0 l\u2019insegnamento. Grande importanza viene posta durante il corso su allineamento e consapevolezza del gesto per rendere la posa adatta ad ogni tipo di esigenza.<\/strong><\/p>\n<p>Eclettico ed innovativo il corso pone enfasi sul movimento corporeo come mezzo di trasformazione fisica, mentale ed emozionale per divenire adattabili, fluidi e ed in linea con i tempi moderni. La metodologia di insegnamento riflette l\u2019approccio flessibile e creativo di Roberto e Francesca, rende ogni insegnante libero, aperto e contemporaneo, in grado di creare nuove sequenze adatte ad ogni livello di classe. Una filosofia non dogmatica ma integrata, dove la pratica \u00e8 nutrita, non cristallizzata nella tradizione.\u00a0La Scuola di Formazione Odaka Yoga \u00e8 l&#8217;unica scuola di formazione di yoga in Italia affiliata presso l\u2019CSEN e a livello internazionale Yoga Alliance International Australia Italia e Yoga Alliance.<\/p>\n<\/div><div class=\"fusion-text fusion-text-3\"><p style=\"text-align: center;\"><img decoding=\"async\" class=\"alignnone wp-image-23231\" src=\"https:\/\/odakayoga.com\/wordpress\/wp-content\/uploads\/loghi-yoga-alliance-per-il-sito-2023-300x196.jpg\" alt=\"\" width=\"427\" height=\"279\" srcset=\"https:\/\/odakayoga.com\/wordpress\/wp-content\/uploads\/loghi-yoga-alliance-per-il-sito-2023-200x131.jpg 200w, https:\/\/odakayoga.com\/wordpress\/wp-content\/uploads\/loghi-yoga-alliance-per-il-sito-2023-300x196.jpg 300w, https:\/\/odakayoga.com\/wordpress\/wp-content\/uploads\/loghi-yoga-alliance-per-il-sito-2023-400x262.jpg 400w, https:\/\/odakayoga.com\/wordpress\/wp-content\/uploads\/loghi-yoga-alliance-per-il-sito-2023-600x393.jpg 600w, https:\/\/odakayoga.com\/wordpress\/wp-content\/uploads\/loghi-yoga-alliance-per-il-sito-2023-800x523.jpg 800w, https:\/\/odakayoga.com\/wordpress\/wp-content\/uploads\/loghi-yoga-alliance-per-il-sito-2023.jpg 1024w\" sizes=\"(max-width: 427px) 100vw, 427px\" \/><br \/>\n<img decoding=\"async\" class=\"alignnone size-full wp-image-18476\" src=\"https:\/\/odakayoga.com\/wordpress\/wp-content\/uploads\/cert_csen.png\" alt=\"\" width=\"100\" height=\"100\" srcset=\"https:\/\/odakayoga.com\/wordpress\/wp-content\/uploads\/cert_csen-66x66.png 66w, https:\/\/odakayoga.com\/wordpress\/wp-content\/uploads\/cert_csen.png 150w\" sizes=\"(max-width: 100px) 100vw, 100px\" \/><\/p>\n<p><img decoding=\"async\" class=\"aligncenter wp-image-21196 \" src=\"https:\/\/odakayoga.com\/wordpress\/wp-content\/uploads\/yoga-alliance-rys-banner-ftf-1-1-1-600x283.jpeg\" alt=\"\" width=\"473\" height=\"223\" srcset=\"https:\/\/odakayoga.com\/wordpress\/wp-content\/uploads\/yoga-alliance-rys-banner-ftf-1-1-1-200x94.jpeg 200w, https:\/\/odakayoga.com\/wordpress\/wp-content\/uploads\/yoga-alliance-rys-banner-ftf-1-1-1-300x142.jpeg 300w, https:\/\/odakayoga.com\/wordpress\/wp-content\/uploads\/yoga-alliance-rys-banner-ftf-1-1-1-400x189.jpeg 400w, https:\/\/odakayoga.com\/wordpress\/wp-content\/uploads\/yoga-alliance-rys-banner-ftf-1-1-1-600x283.jpeg 600w, https:\/\/odakayoga.com\/wordpress\/wp-content\/uploads\/yoga-alliance-rys-banner-ftf-1-1-1-800x377.jpeg 800w, https:\/\/odakayoga.com\/wordpress\/wp-content\/uploads\/yoga-alliance-rys-banner-ftf-1-1-1.jpeg 1024w\" sizes=\"(max-width: 473px) 100vw, 473px\" \/><\/p>\n<\/div><div class=\"fusion-clearfix\"><\/div><\/div><\/div><\/div><\/div><div class=\"fusion-fullwidth fullwidth-box fusion-builder-row-2 nonhundred-percent-fullwidth non-hundred-percent-height-scrolling\" style=\"--awb-border-radius-top-left:0px;--awb-border-radius-top-right:0px;--awb-border-radius-bottom-right:0px;--awb-border-radius-bottom-left:0px;--awb-flex-wrap:wrap;\" ><div class=\"fusion-builder-row fusion-row\"><div class=\"fusion-layout-column fusion_builder_column fusion-builder-column-2 fusion_builder_column_1_1 1_1 fusion-one-full fusion-column-first fusion-column-last\" style=\"--awb-bg-size:cover;--awb-margin-bottom:0px;\"><div class=\"fusion-column-wrapper fusion-flex-column-wrapper-legacy\"><div class=\"fusion-title title fusion-title-1 fusion-sep-none fusion-title-text fusion-title-size-one\" style=\"--awb-margin-top-small:10px;--awb-margin-right-small:0px;--awb-margin-bottom-small:10px;--awb-margin-left-small:0px;\"><h1 class=\"fusion-title-heading title-heading-left\" style=\"margin:0;\">Dettagli del corso<\/h1><\/div><div class=\"fusion-text fusion-text-4\"><p>Il corso annuale prevede 9 weekend da novembre ad giugno, pi\u00f9 3 appuntamenti di sequencing and teaching Lab, per un totale di 225 ore a contatto, di cui 40 ore tra lezioni tutoring Odaka e compiti, e 25 ore senza contatto. Inoltre, c\u2019\u00e8 la possibilit\u00e0 di frequentare i nostri corsi per accumulare ore di esperienza. Le ore dei ritiri e dei raduni possono essere computate ai fini del raggiungimento delle 250 ore.<\/p>\n<p>Offriamo la flessibilit\u00e0 di inserirsi in qualunque momento dell\u2019anno, dal momento che il corso \u00e8 strutturato su un programma ciclico, con la possibilit\u00e0 di recuperare gli incontri persi senza costi aggiuntivi. Verr\u00e0 fornito in dotazione agli studenti del materiale didattico.<\/p>\n<p>Il corso \u00e9 tenuto da Roberto Milletti e Francesca Cassia e dal Team dei Formatori Riconosciuti Odaka Yoga \u00ae<\/p>\n<p>Al completamento del corso viene rilasciato il <strong>diploma Odaka Yoga<\/strong> accreditato a livello internazionale da Yoga Alliance, CSEN (affiliato CONI) e Albo Internazionale Insegnanti Odaka, insieme al diploma Odaka Yoga sar\u00e0 rilasciato anche il Diploma di Giannastica Yoga CSEN.<\/p>\n<p style=\"font-weight: 400;\">Yoga Alliance -International Italia\u00a9 Protocollo d\u2019intesa C.S.E.N. La certificazione RYT Yoga Alliance -International Italia\u00a9 consente (su richiesta e pagamento) la conversione con il titolo C.S.E.N<\/p>\n<p>Ore a contatto: <strong>225 ore<\/strong><br \/>\nLaboratori: <strong>12 ore<\/strong> (3 laboratori da 4 ore venerd\u00ed pomeriggio )<br \/>\nPratica 1: <strong>20 ore<\/strong> (presso centro riconosciuto per formazione oppure online)<br \/>\nTirocinio: <strong>22 ore<\/strong> (presso centro di formazione oppure online)<\/p>\n<p>Pratica2: <strong>25 ore<\/strong> (studio personale)<br \/>\n<span style=\"line-height: 1.5;\"><strong><span style=\"line-height: 1.5;\">Totale ore formazione: 252<\/span><\/strong><\/span><\/p>\n<\/div><div class=\"fusion-title title fusion-title-2 fusion-sep-none fusion-title-text fusion-title-size-one\" style=\"--awb-margin-top-small:10px;--awb-margin-right-small:0px;--awb-margin-bottom-small:10px;--awb-margin-left-small:0px;\"><h1 class=\"fusion-title-heading title-heading-left\" style=\"margin:0;\">Materie didattiche<\/h1><\/div><div class=\"fusion-clearfix\"><\/div><\/div><\/div><div class=\"fusion-layout-column fusion_builder_column fusion-builder-column-3 fusion_builder_column_1_2 1_2 fusion-one-half fusion-column-first\" style=\"--awb-bg-size:cover;width:50%;width:calc(50% - ( ( 4% ) * 0.5 ) );margin-right: 4%;\"><div class=\"fusion-column-wrapper fusion-flex-column-wrapper-legacy\"><div class=\"fusion-text fusion-text-5\"><p>&#8211; ritmi delle onde e l\u2019importanza del coccige<br \/>\n&#8211; l\u2019arte del fluire<br \/>\n&#8211; sun salutation, spine rolling flow<br \/>\n&#8211; anatomia e biomeccanica applicata<br \/>\n&#8211; chiavi per l\u2019allineamento | power spots in every pose<br \/>\n&#8211; basi dell\u2019allineamento<br \/>\n&#8211; basi dell\u2019assistenza<br \/>\n&#8211; pose di riscaldamento<br \/>\n&#8211; pose in piedi<br \/>\n&#8211; pose di equilibrio<br \/>\n&#8211; pose per l\u2019apertura delle anche<br \/>\n&#8211; pose di flessione in avanti<br \/>\n&#8211; pose di torsione e rotazione<br \/>\n&#8211; pose di estensione all\u2019indietro<br \/>\n&#8211; pose sulle braccia<br \/>\n&#8211; pose invertite<\/p>\n<\/div><div class=\"fusion-clearfix\"><\/div><\/div><\/div><div class=\"fusion-layout-column fusion_builder_column fusion-builder-column-4 fusion_builder_column_1_2 1_2 fusion-one-half fusion-column-last\" style=\"--awb-bg-size:cover;width:50%;width:calc(50% - ( ( 4% ) * 0.5 ) );\"><div class=\"fusion-column-wrapper fusion-flex-column-wrapper-legacy\"><div class=\"fusion-text fusion-text-6\"><p>&#8211; pose di rilassamento<br \/>\n&#8211; pranayama | mahat yoga, kapalabhati, ujjayi, nadi shodana, bhastrika<br \/>\n&#8211; bandha, chakra e nadi<br \/>\n&#8211; differenza tra attenzione e intenzione<br \/>\n&#8211; differenze tra meditazione | dinamica, passiva, e attiva<br \/>\n&#8211; il concetto di posa e contro-posa<br \/>\n&#8211; come costruire sequenze<br \/>\n&#8211; come strutturare una lezione<br \/>\n&#8211; esempi di lezioni a tema<br \/>\n&#8211; attitudine | \u2018Ki\u2019 l\u2019energia interiore, l\u2019uso del Ki durante la pratica<br \/>\n&#8211; Patanjali yoga sutra applicati alla vita quotidiana<br \/>\n&#8211; filosofia indiana testi classici e storia dello yoga<br \/>\n&#8211; nomenclatura sanscrita asana<br \/>\n&#8211; lab sequenze e insegnamento<br \/>\n&#8211; tirocinio in sala di pratica<br \/>\n&#8211; ore di pratica nei centri accreditati<\/p>\n<\/div><div class=\"fusion-clearfix\"><\/div><\/div><\/div><\/div><\/div><div class=\"fusion-fullwidth fullwidth-box fusion-builder-row-3 nonhundred-percent-fullwidth non-hundred-percent-height-scrolling\" style=\"--awb-border-radius-top-left:0px;--awb-border-radius-top-right:0px;--awb-border-radius-bottom-right:0px;--awb-border-radius-bottom-left:0px;--awb-flex-wrap:wrap;\" ><div class=\"fusion-builder-row fusion-row\"><div class=\"fusion-layout-column fusion_builder_column fusion-builder-column-5 fusion_builder_column_1_1 1_1 fusion-one-full fusion-column-first fusion-column-last\" style=\"--awb-bg-size:cover;\"><div class=\"fusion-column-wrapper fusion-flex-column-wrapper-legacy\"><div class=\"fusion-title title fusion-title-3 fusion-sep-none fusion-title-text fusion-title-size-one\" style=\"--awb-margin-top-small:10px;--awb-margin-right-small:0px;--awb-margin-bottom-small:10px;--awb-margin-left-small:0px;\"><h1 class=\"fusion-title-heading title-heading-left\" style=\"margin:0;\">Le date<\/h1><\/div><div class=\"fusion-clearfix\"><\/div><\/div><\/div><div class=\"fusion-layout-column fusion_builder_column fusion-builder-column-6 fusion_builder_column_1_4 1_4 fusion-one-fourth fusion-column-first\" style=\"--awb-bg-size:cover;width:25%;width:calc(25% - ( ( 4% + 4% + 4% ) * 0.25 ) );margin-right: 4%;\"><div class=\"fusion-column-wrapper fusion-flex-column-wrapper-legacy\"><div class=\"fusion-text fusion-text-7\" style=\"--awb-text-transform:none;\"><h3>Milano &amp; Online<\/h3>\n<h3>Anno Accademico 2026 &#8211; 2027<\/h3>\n<p>\u20607-8 novembre<\/p>\n<p>5-6 dicembre<\/p>\n<p>9-10 gennaio<\/p>\n<p>6-7 febbraio<\/p>\n<p>20-21 febbraio<\/p>\n<p>13-14 marzo<\/p>\n<p>3-4 aprile<\/p>\n<p>17-18 aprile<\/p>\n<p>15-16 maggio<\/p>\n<p>n.b. le date potrebbero essere soggette a cambiamento<\/p>\n<\/div><div class=\"fusion-clearfix\"><\/div><\/div><\/div><div class=\"fusion-layout-column fusion_builder_column fusion-builder-column-7 fusion_builder_column_1_4 1_4 fusion-one-fourth\" style=\"--awb-bg-size:cover;width:25%;width:calc(25% - ( ( 4% + 4% + 4% ) * 0.25 ) );margin-right: 4%;\"><div class=\"fusion-column-wrapper fusion-flex-column-wrapper-legacy\"><div class=\"fusion-text fusion-text-8\" style=\"--awb-text-transform:none;\"><h3>Milano &amp; Online<\/h3>\n<h3>Anno Accademico 2025 &#8211; 2026<\/h3>\n<p>\u206025-26 ottobre<\/p>\n<p>29-30 novembre<\/p>\n<p>6-7 dicembre<\/p>\n<p>10-11 gennaio<\/p>\n<p>28 febbraio &#8211; 01 marzo<\/p>\n<p>14-15 marzo<\/p>\n<p>28-29 marzo<\/p>\n<p>18-19 aprile<\/p>\n<p>16-17 maggio<\/p>\n<\/div><div class=\"fusion-clearfix\"><\/div><\/div><\/div><div class=\"fusion-layout-column fusion_builder_column fusion-builder-column-8 fusion_builder_column_1_4 1_4 fusion-one-fourth\" style=\"--awb-bg-size:cover;width:25%;width:calc(25% - ( ( 4% + 4% + 4% ) * 0.25 ) );margin-right: 4%;\"><div class=\"fusion-column-wrapper fusion-flex-column-wrapper-legacy\"><div class=\"fusion-text fusion-text-9\"><h3>Korea<\/h3>\n<h3>Immersion Teacher Training<\/h3>\n<ul>\n<li>\n<p class=\"fusion-responsive-typography-calculated\" data-fontsize=\"22\" data-lineheight=\"33px\">RYT 200 h | 5 agosto &#8211; 24 settembre, 2023<\/p>\n<\/li>\n<\/ul>\n<p>Il training sar\u00e0 condotto da Roberto Milletti e Francesca Cassia<\/p>\n<p>e Su &#8211; Korean Educational Team<\/p>\n<\/div><div class=\"fusion-clearfix\"><\/div><\/div><\/div><div class=\"fusion-layout-column fusion_builder_column fusion-builder-column-9 fusion_builder_column_1_4 1_4 fusion-one-fourth fusion-column-last\" style=\"--awb-bg-size:cover;width:25%;width:calc(25% - ( ( 4% + 4% + 4% ) * 0.25 ) );\"><div class=\"fusion-column-wrapper fusion-flex-column-wrapper-legacy\"><div class=\"fusion-text fusion-text-10\" style=\"--awb-text-transform:none;\"><h3 class=\"fusion-responsive-typography-calculated\" data-fontsize=\"22\" data-lineheight=\"33px\">UTAH, U.S.A<\/h3>\n<p><b>Teacher Training 50 hrs<\/b><\/p>\n<p>Gennaio 18-23, 2023<\/p>\n<p>The courses is lead by Roberto Milletti and Francesca Cassia<\/p>\n<div><\/div>\n<div>Contact: www.inbalancewellnesscenters.com<\/div>\n<div>\n<div id=\"tw-container\" class=\"\" data-cp=\"1\" data-is-ver=\"false\" data-nnttsvi=\"1\" data-sm=\"1\" data-sugg-time=\"500\" data-sugg-url=\"https:\/\/clients1.google.com\/complete\/search\" data-uilc=\"it\">\n<div id=\"tw-ob\" class=\"tw-src-ltr\">\n<div class=\"oSioSc\">\n<div id=\"tw-target\">\n<div id=\"kAz1tf\" class=\"g9WsWb\">\n<div class=\"iYB33c\">\n<div class=\"dlJLJe\">\n<div data-cviv=\"false\" data-ved=\"2ahUKEwi17KuPv_7zAhWISPEDHWGPCnMQz_AEegQIAhAP\">\n<div class=\"U9URNb\"><\/div>\n<\/div>\n<\/div>\n<\/div>\n<\/div>\n<\/div>\n<\/div>\n<\/div>\n<\/div>\n<\/div>\n<\/div><div class=\"fusion-clearfix\"><\/div><\/div><\/div><div class=\"fusion-layout-column fusion_builder_column fusion-builder-column-10 fusion_builder_column_1_4 1_4 fusion-one-fourth fusion-column-first\" style=\"--awb-bg-size:cover;width:25%;width:calc(25% - ( ( 4% ) * 0.25 ) );margin-right: 4%;\"><div class=\"fusion-column-wrapper fusion-flex-column-wrapper-legacy\"><div class=\"fusion-text fusion-text-11\" style=\"--awb-text-transform:none;\"><h3 class=\"fusion-responsive-typography-calculated\" style=\"--fontsize: 22; line-height: 1.5;\" data-fontsize=\"22\" data-lineheight=\"33px\">Tokyo, Giappone<\/h3>\n<p><strong>Immersion Teacher Training <\/strong>\u00a0| Live and Online<\/p>\n<p>11 &#8211; 16 settembre 2023<\/p>\n<div><strong>Immersion Prenatal Teacher Training<\/strong>\u00a0| Live and Online<\/div>\n<div><\/div>\n<div>9 &#8211; 12 settembre 2023<\/div>\n<div>\n<div><\/div>\n<div><strong>Immersion Zen Warrior <\/strong>| Live and Online<\/div>\n<div><\/div>\n<div>13 &#8211; 18 settembre 2023<\/div>\n<div><\/div>\n<\/div>\n<p>Il corso sar\u00e0 condotto da Roberto Milletti, Francesca Cassia &amp; dal Team Giapponese<\/p>\n<div>Contatti: info@ys-yoga.com<\/div>\n<\/div><div class=\"fusion-clearfix\"><\/div><\/div><\/div><div class=\"fusion-layout-column fusion_builder_column fusion-builder-column-11 fusion_builder_column_1_4 1_4 fusion-one-fourth fusion-column-last\" style=\"--awb-bg-size:cover;width:25%;width:calc(25% - ( ( 4% ) * 0.25 ) );\"><div class=\"fusion-column-wrapper fusion-flex-column-wrapper-legacy\"><div class=\"fusion-text fusion-text-12\"><h3 class=\"\" data-fontsize=\"22\" data-lineheight=\"33px\">Almere, Olanda<\/h3>\n<p><b>Teacher Training 250 hrs<\/b><\/p>\n<p>Module I (intensive): July 22 \u2013 30<br \/>\nModule II: August 12 \u2013 14<br \/>\nModule III: September 2 \u2013 4<br \/>\nModule IV: September 16 \u2013 18<br \/>\nModule V: September 30 \u2013 October, 2<br \/>\nModule VI: October 14 \u2013 16<\/p>\n<div>Contact:\u00a0<a class=\"rcmContactAddress\" title=\"yoga@meirink.nl\" href=\"mailto:yoga@meirink.nl\">yoga@meirink.nl<\/a><\/div>\n<\/div><div class=\"fusion-clearfix\"><\/div><\/div><\/div><div class=\"fusion-layout-column fusion_builder_column fusion-builder-column-12 fusion_builder_column_1_1 1_1 fusion-one-full fusion-column-first fusion-column-last\" style=\"--awb-bg-size:cover;\"><div class=\"fusion-column-wrapper fusion-flex-column-wrapper-legacy\"><div class=\"fusion-title title fusion-title-4 fusion-sep-none fusion-title-text fusion-title-size-one\" style=\"--awb-margin-top-small:10px;--awb-margin-right-small:0px;--awb-margin-bottom-small:10px;--awb-margin-left-small:0px;\"><h1 class=\"fusion-title-heading title-heading-left\" style=\"margin:0;\">Per informazioni sulla formazione Odaka Yoga scrivi a\u00a0<a href=\"mailto:info@odakayoga.com\">info@odakayoga.com<\/a><\/h1><\/div><div class=\"fusion-button-wrapper\"><a class=\"fusion-button button-flat fusion-button-default-size button-default fusion-button-default button-1 fusion-button-default-span fusion-button-default-type\" target=\"_self\" href=\"https:\/\/odakayoga.com\/wordpress\/wp-content\/uploads\/NUOVO-Modulo-iscrizione-TT-ITA-2019.pdf\"><span class=\"fusion-button-text awb-button__text awb-button__text--default\">Iscriviti subito, scarica il modulo<\/span><\/a><\/div><div class=\"fusion-clearfix\"><\/div><\/div><\/div><\/div><\/div><\/p>\n","protected":false},"excerpt":{"rendered":"","protected":false},"author":6,"featured_media":15968,"parent":10006,"menu_order":0,"comment_status":"closed","ping_status":"closed","template":"","meta":{"footnotes":""},"class_list":["post-10117","page","type-page","status-publish","has-post-thumbnail","hentry"],"_links":{"self":[{"href":"https:\/\/odakayoga.com\/it\/wp-json\/wp\/v2\/pages\/10117","targetHints":{"allow":["GET"]}}],"collection":[{"href":"https:\/\/odakayoga.com\/it\/wp-json\/wp\/v2\/pages"}],"about":[{"href":"https:\/\/odakayoga.com\/it\/wp-json\/wp\/v2\/types\/page"}],"author":[{"embeddable":true,"href":"https:\/\/odakayoga.com\/it\/wp-json\/wp\/v2\/users\/6"}],"replies":[{"embeddable":true,"href":"https:\/\/odakayoga.com\/it\/wp-json\/wp\/v2\/comments?post=10117"}],"version-history":[{"count":218,"href":"https:\/\/odakayoga.com\/it\/wp-json\/wp\/v2\/pages\/10117\/revisions"}],"predecessor-version":[{"id":26150,"href":"https:\/\/odakayoga.com\/it\/wp-json\/wp\/v2\/pages\/10117\/revisions\/26150"}],"up":[{"embeddable":true,"href":"https:\/\/odakayoga.com\/it\/wp-json\/wp\/v2\/pages\/10006"}],"wp:featuredmedia":[{"embeddable":true,"href":"https:\/\/odakayoga.com\/it\/wp-json\/wp\/v2\/media\/15968"}],"wp:attachment":[{"href":"https:\/\/odakayoga.com\/it\/wp-json\/wp\/v2\/media?parent=10117"}],"curies":[{"name":"wp","href":"https:\/\/api.w.org\/{rel}","templated":true}]}}